{"id":53,"date":"2020-11-30T20:15:16","date_gmt":"2020-11-30T20:15:16","guid":{"rendered":"https:\/\/www.kimi.co.at\/newsite\/?page_id=53"},"modified":"2023-10-18T17:48:20","modified_gmt":"2023-10-18T15:48:20","slug":"welcome","status":"publish","type":"page","link":"https:\/\/www.kimi.co.at\/de\/welcome\/","title":{"rendered":"HOME"},"content":{"rendered":"<div data-elementor-type=\"wp-page\" data-elementor-id=\"53\" class=\"elementor elementor-53\" data-elementor-post-type=\"page\">\n\t\t\t\t\t\t<section class=\"elementor-section elementor-top-section elementor-element elementor-element-2539843 elementor-section-full_width elementor-section-stretched elementor-section-height-default elementor-section-height-default tm-col-stretched-none tm-bg-color-over-image\" data-id=\"2539843\" data-element_type=\"section\" data-e-type=\"section\" data-settings=\"{&quot;stretch_section&quot;:&quot;section-stretched&quot;}\">\n\t\t\t\t\t\t<div class=\"elementor-container elementor-column-gap-default\">\n\t\t\t\t\t<div class=\"elementor-column elementor-col-100 elementor-top-column elementor-element elementor-element-5316bd8 tm-bg-color-over-image\" data-id=\"5316bd8\" data-element_type=\"column\" data-e-type=\"column\">\n\t\t\t<div class=\"elementor-widget-wrap elementor-element-populated\">\n\t\t\t\t\t\t<div class=\"elementor-element elementor-element-f9e11d1 elementor-widget elementor-widget-image\" data-id=\"f9e11d1\" data-element_type=\"widget\" data-e-type=\"widget\" data-widget_type=\"image.default\">\n\t\t\t\t<div class=\"elementor-widget-container\">\n\t\t\t\t\t\t\t\t\t\t\t\t\t\t\t<img decoding=\"async\" src=\"http:\/\/www.kimi.co.at\/newsite\/wp-content\/uploads\/2020\/12\/1-pxfuel.com%20(5)-scaled.jpg\" title=\"\" alt=\"\" loading=\"lazy\" \/>\t\t\t\t\t\t\t\t\t\t\t\t\t\t\t<\/div>\n\t\t\t\t<\/div>\n\t\t\t\t\t<\/div>\n\t\t<\/div>\n\t\t\t\t\t<\/div>\n\t\t<\/section>\n\t\t\t\t<section class=\"elementor-section elementor-top-section elementor-element elementor-element-ea99c46 elementor-section-full_width elementor-section-stretched elementor-section-height-default elementor-section-height-default tm-col-stretched-none tm-bg-color-over-image\" data-id=\"ea99c46\" data-element_type=\"section\" data-e-type=\"section\" data-settings=\"{&quot;stretch_section&quot;:&quot;section-stretched&quot;,&quot;background_background&quot;:&quot;classic&quot;}\">\n\t\t\t\t\t\t\t<div class=\"elementor-background-overlay\"><\/div>\n\t\t\t\t\t\t\t<div class=\"elementor-container elementor-column-gap-no\">\n\t\t\t\t\t<div class=\"elementor-column elementor-col-100 elementor-top-column elementor-element elementor-element-5d627e3 tm-bg-color-over-image\" data-id=\"5d627e3\" data-element_type=\"column\" data-e-type=\"column\">\n\t\t\t<div class=\"elementor-widget-wrap elementor-element-populated\">\n\t\t\t\t\t\t<div class=\"elementor-element elementor-element-f2d3e68 elementor--h-position-center elementor--v-position-middle elementor-widget elementor-widget-slides\" data-id=\"f2d3e68\" data-element_type=\"widget\" data-e-type=\"widget\" data-settings=\"{&quot;navigation&quot;:&quot;none&quot;,&quot;autoplay_speed&quot;:2990,&quot;autoplay&quot;:&quot;yes&quot;,&quot;pause_on_hover&quot;:&quot;yes&quot;,&quot;pause_on_interaction&quot;:&quot;yes&quot;,&quot;infinite&quot;:&quot;yes&quot;,&quot;transition&quot;:&quot;slide&quot;,&quot;transition_speed&quot;:500}\" data-widget_type=\"slides.default\">\n\t\t\t\t<div class=\"elementor-widget-container\">\n\t\t\t\t\t\t\t\t\t<div class=\"elementor-swiper\">\n\t\t\t\t\t<div class=\"elementor-slides-wrapper elementor-main-swiper swiper\" role=\"region\" aria-roledescription=\"carousel\" aria-label=\"Slides\" dir=\"ltr\" data-animation=\"\">\n\t\t\t\t<div class=\"swiper-wrapper elementor-slides\">\n\t\t\t\t\t\t\t\t\t\t<div class=\"elementor-repeater-item-3d86056 swiper-slide\" role=\"group\" aria-roledescription=\"slide\"><div class=\"swiper-slide-bg\" role=\"img\" aria-label=\"\"><\/div><div class=\"elementor-background-overlay\"><\/div><div class=\"swiper-slide-inner\" ><div class=\"swiper-slide-contents\"><div class=\"elementor-slide-heading\">KIMI<\/div><div class=\"elementor-slide-description\">Pr\u00e4vention von sexuellem Missbrauch an Kindern<\/div><div  class=\"elementor-button elementor-slide-button elementor-size-md\">KIMI unterst\u00fctzen<\/div><\/div><\/div><\/div><div class=\"elementor-repeater-item-d8afd4f swiper-slide\" role=\"group\" aria-roledescription=\"slide\"><div class=\"swiper-slide-bg elementor-ken-burns elementor-ken-burns--in\" role=\"img\" aria-label=\"\"><\/div><div class=\"elementor-background-overlay\"><\/div><div class=\"swiper-slide-inner\" ><div class=\"swiper-slide-contents\"><div class=\"elementor-slide-heading\">KIMI<\/div><div class=\"elementor-slide-description\">Pr\u00e4vention von sexuellem Missbrauch an Kindern<\/div><div  class=\"elementor-button elementor-slide-button elementor-size-md\">KIMI unterst\u00fctzen<\/div><\/div><\/div><\/div><div class=\"elementor-repeater-item-0dcc5de swiper-slide\" role=\"group\" aria-roledescription=\"slide\"><div class=\"swiper-slide-bg elementor-ken-burns elementor-ken-burns--in\" role=\"img\" aria-label=\"\"><\/div><div class=\"elementor-background-overlay\"><\/div><div class=\"swiper-slide-inner\" ><div class=\"swiper-slide-contents\"><div class=\"elementor-slide-heading\">KIMI<\/div><div class=\"elementor-slide-description\">Pr\u00e4vention von sexuellem Missbrauch an Kindern<\/div><div  class=\"elementor-button elementor-slide-button elementor-size-md\">KIMI unterst\u00fctzen<\/div><\/div><\/div><\/div><div class=\"elementor-repeater-item-203d538 swiper-slide\" role=\"group\" aria-roledescription=\"slide\"><div class=\"swiper-slide-bg elementor-ken-burns elementor-ken-burns--in\" role=\"img\" aria-label=\"\"><\/div><div class=\"elementor-background-overlay\"><\/div><div class=\"swiper-slide-inner\" ><div class=\"swiper-slide-contents\"><div class=\"elementor-slide-heading\">KIMI<\/div><div class=\"elementor-slide-description\">Pr\u00e4vention von sexuellem Missbrauch an Kindern<\/div><div  class=\"elementor-button elementor-slide-button elementor-size-md\">KIMI unterst\u00fctzen<\/div><\/div><\/div><\/div>\t\t\t\t<\/div>\n\t\t\t\t\t\t\t\t\t\t\t\t\t\t\t\t\t\t\t\t\t<\/div>\n\t\t\t\t<\/div>\n\t\t\t\t\t\t\t\t<\/div>\n\t\t\t\t<\/div>\n\t\t\t\t\t<\/div>\n\t\t<\/div>\n\t\t\t\t\t<\/div>\n\t\t<\/section>\n\t\t\t\t<section class=\"elementor-section elementor-top-section elementor-element elementor-element-4ec6957 elementor-section-boxed elementor-section-height-default elementor-section-height-default tm-col-stretched-none tm-bg-color-over-image\" data-id=\"4ec6957\" data-element_type=\"section\" data-e-type=\"section\">\n\t\t\t\t\t\t<div class=\"elementor-container elementor-column-gap-default\">\n\t\t\t\t\t<div class=\"elementor-column elementor-col-100 elementor-top-column elementor-element elementor-element-2446aab tm-bg-color-over-image\" data-id=\"2446aab\" data-element_type=\"column\" data-e-type=\"column\">\n\t\t\t<div class=\"elementor-widget-wrap elementor-element-populated\">\n\t\t\t\t\t\t<div class=\"elementor-element elementor-element-7c078f3 elementor-widget elementor-widget-spacer\" data-id=\"7c078f3\" data-element_type=\"widget\" data-e-type=\"widget\" data-widget_type=\"spacer.default\">\n\t\t\t\t<div class=\"elementor-widget-container\">\n\t\t\t\t\t\t\t<div class=\"elementor-spacer\">\n\t\t\t<div class=\"elementor-spacer-inner\"><\/div>\n\t\t<\/div>\n\t\t\t\t\t\t<\/div>\n\t\t\t\t<\/div>\n\t\t\t\t<div class=\"elementor-element elementor-element-965539a elementor-widget elementor-widget-text-editor\" data-id=\"965539a\" data-element_type=\"widget\" data-e-type=\"widget\" data-widget_type=\"text-editor.default\">\n\t\t\t\t<div class=\"elementor-widget-container\">\n\t\t\t\t\t\t\t\t\t<p>The association <strong>KIMI<\/strong> is specialized in <strong>preventing sexual abuse in sports.\u00a0<\/strong><\/p><p>The goal is to <strong>educate children<\/strong>, <strong>parents, and coaches<\/strong> and to install simple rules (link to rules) for a careful handling in sports.\u00a0<\/p><p><strong>KIMI<\/strong> aims to<strong> protect children from being assaulted<\/strong> and coaches from false suspicions.\u00a0<\/p>\t\t\t\t\t\t\t\t<\/div>\n\t\t\t\t<\/div>\n\t\t\t\t<div class=\"elementor-element elementor-element-183462e elementor-widget elementor-widget-spacer\" data-id=\"183462e\" data-element_type=\"widget\" data-e-type=\"widget\" data-widget_type=\"spacer.default\">\n\t\t\t\t<div class=\"elementor-widget-container\">\n\t\t\t\t\t\t\t<div class=\"elementor-spacer\">\n\t\t\t<div class=\"elementor-spacer-inner\"><\/div>\n\t\t<\/div>\n\t\t\t\t\t\t<\/div>\n\t\t\t\t<\/div>\n\t\t\t\t\t<\/div>\n\t\t<\/div>\n\t\t\t\t\t<\/div>\n\t\t<\/section>\n\t\t\t\t<section class=\"elementor-section elementor-top-section elementor-element elementor-element-35ebf0e elementor-section-boxed elementor-section-height-default elementor-section-height-default tm-col-stretched-none tm-bg-color-over-image\" data-id=\"35ebf0e\" data-element_type=\"section\" data-e-type=\"section\">\n\t\t\t\t\t\t<div class=\"elementor-container elementor-column-gap-default\">\n\t\t\t\t\t<div class=\"elementor-column elementor-col-50 elementor-top-column elementor-element elementor-element-becea97 tm-bg-color-over-image\" data-id=\"becea97\" data-element_type=\"column\" data-e-type=\"column\">\n\t\t\t<div class=\"elementor-widget-wrap elementor-element-populated\">\n\t\t\t\t\t\t<div class=\"elementor-element elementor-element-3097a1c elementor-widget elementor-widget-image\" data-id=\"3097a1c\" data-element_type=\"widget\" data-e-type=\"widget\" data-widget_type=\"image.default\">\n\t\t\t\t<div class=\"elementor-widget-container\">\n\t\t\t\t\t\t\t\t\t\t\t\t\t\t\t<img fetchpriority=\"high\" decoding=\"async\" width=\"1024\" height=\"768\" src=\"https:\/\/www.kimi.co.at\/wp-content\/uploads\/2020\/11\/kimi-co-at-10-1024x768.jpg\" class=\"attachment-large size-large wp-image-33\" alt=\"\" srcset=\"https:\/\/www.kimi.co.at\/wp-content\/uploads\/2020\/11\/kimi-co-at-10-1024x768.jpg 1024w, https:\/\/www.kimi.co.at\/wp-content\/uploads\/2020\/11\/kimi-co-at-10-300x225.jpg 300w, https:\/\/www.kimi.co.at\/wp-content\/uploads\/2020\/11\/kimi-co-at-10-768x576.jpg 768w, https:\/\/www.kimi.co.at\/wp-content\/uploads\/2020\/11\/kimi-co-at-10-1100x825.jpg 1100w, https:\/\/www.kimi.co.at\/wp-content\/uploads\/2020\/11\/kimi-co-at-10.jpg 1440w\" sizes=\"(max-width: 1024px) 100vw, 1024px\" \/>\t\t\t\t\t\t\t\t\t\t\t\t\t\t\t<\/div>\n\t\t\t\t<\/div>\n\t\t\t\t\t<\/div>\n\t\t<\/div>\n\t\t\t\t<div class=\"elementor-column elementor-col-50 elementor-top-column elementor-element elementor-element-a998744 tm-bg-color-over-image\" data-id=\"a998744\" data-element_type=\"column\" data-e-type=\"column\">\n\t\t\t<div class=\"elementor-widget-wrap elementor-element-populated\">\n\t\t\t\t\t\t<div class=\"elementor-element elementor-element-cf4a151 elementor-widget elementor-widget-text-editor\" data-id=\"cf4a151\" data-element_type=\"widget\" data-e-type=\"widget\" data-widget_type=\"text-editor.default\">\n\t\t\t\t<div class=\"elementor-widget-container\">\n\t\t\t\t\t\t\t\t\t<p class=\"translation-block\"><b>KIMI<\/b>-MitarbeiterInnen halten in <b>Schulen Workshops <\/b>(verlinken mit Schulen), um Kinder zur Wahrung ihrer Grenzen zu motivieren.<\/p><p class=\"translation-block\">Um Erwachsene f\u00fcr die <b> Thematik zu sensibilisieren,<\/b> nehmen KIMI-Experten an Diskussionsrunden teil, halten Vortr\u00e4ge und kl\u00e4ren in den Medien auf.<\/p><p class=\"translation-block\">Die <b> vertraulichen Ansprechpartner*innen <\/b>(Link auf Beratung und Begleitung) des Vereins KIMI <b> analysieren Verdachtsf\u00e4lle <\/b> und k\u00f6nnen, wenn n\u00f6tig, Ma\u00dfnahmen (Link Beratung und Begleitung) zur Verbesserung der Situation setzen.<\/p>\t\t\t\t\t\t\t\t<\/div>\n\t\t\t\t<\/div>\n\t\t\t\t\t<\/div>\n\t\t<\/div>\n\t\t\t\t\t<\/div>\n\t\t<\/section>\n\t\t\t\t<section class=\"elementor-section elementor-top-section elementor-element elementor-element-653c6b6 elementor-section-boxed elementor-section-height-default elementor-section-height-default tm-col-stretched-none tm-bg-color-over-image\" data-id=\"653c6b6\" data-element_type=\"section\" data-e-type=\"section\">\n\t\t\t\t\t\t<div class=\"elementor-container elementor-column-gap-default\">\n\t\t\t\t\t<div class=\"elementor-column elementor-col-50 elementor-top-column elementor-element elementor-element-fffc0d7 tm-bg-color-over-image\" data-id=\"fffc0d7\" data-element_type=\"column\" data-e-type=\"column\">\n\t\t\t<div class=\"elementor-widget-wrap elementor-element-populated\">\n\t\t\t\t\t\t<div class=\"elementor-element elementor-element-9747612 elementor-widget elementor-widget-spacer\" data-id=\"9747612\" data-element_type=\"widget\" data-e-type=\"widget\" data-widget_type=\"spacer.default\">\n\t\t\t\t<div class=\"elementor-widget-container\">\n\t\t\t\t\t\t\t<div class=\"elementor-spacer\">\n\t\t\t<div class=\"elementor-spacer-inner\"><\/div>\n\t\t<\/div>\n\t\t\t\t\t\t<\/div>\n\t\t\t\t<\/div>\n\t\t\t\t\t<\/div>\n\t\t<\/div>\n\t\t\t\t<div class=\"elementor-column elementor-col-50 elementor-top-column elementor-element elementor-element-236ae57 tm-bg-color-over-image\" data-id=\"236ae57\" data-element_type=\"column\" data-e-type=\"column\">\n\t\t\t<div class=\"elementor-widget-wrap elementor-element-populated\">\n\t\t\t\t\t\t<div class=\"elementor-element elementor-element-7cbc141 elementor-widget elementor-widget-spacer\" data-id=\"7cbc141\" data-element_type=\"widget\" data-e-type=\"widget\" data-widget_type=\"spacer.default\">\n\t\t\t\t<div class=\"elementor-widget-container\">\n\t\t\t\t\t\t\t<div class=\"elementor-spacer\">\n\t\t\t<div class=\"elementor-spacer-inner\"><\/div>\n\t\t<\/div>\n\t\t\t\t\t\t<\/div>\n\t\t\t\t<\/div>\n\t\t\t\t\t<\/div>\n\t\t<\/div>\n\t\t\t\t\t<\/div>\n\t\t<\/section>\n\t\t\t\t<section class=\"elementor-section elementor-top-section elementor-element elementor-element-b480e4a elementor-section-boxed elementor-section-height-default elementor-section-height-default tm-col-stretched-none tm-bg-color-over-image\" data-id=\"b480e4a\" data-element_type=\"section\" data-e-type=\"section\">\n\t\t\t\t\t\t<div class=\"elementor-container elementor-column-gap-default\">\n\t\t\t\t\t<div class=\"elementor-column elementor-col-100 elementor-top-column elementor-element elementor-element-55a46f8 tm-bg-color-over-image\" data-id=\"55a46f8\" data-element_type=\"column\" data-e-type=\"column\">\n\t\t\t<div class=\"elementor-widget-wrap elementor-element-populated\">\n\t\t\t\t\t\t<div class=\"elementor-element elementor-element-f8220dc elementor-widget elementor-widget-heading\" data-id=\"f8220dc\" data-element_type=\"widget\" data-e-type=\"widget\" data-widget_type=\"heading.default\">\n\t\t\t\t<div class=\"elementor-widget-container\">\n\t\t\t\t\t<h2 class=\"elementor-heading-title elementor-size-default\"><b>Unsere Angebote<\/b><\/h2>\t\t\t\t<\/div>\n\t\t\t\t<\/div>\n\t\t\t\t<div class=\"elementor-element elementor-element-cc1925d elementor-grid-eael-col-4 elementor-grid-tablet-eael-col-2 elementor-grid-mobile-eael-col-1 elementor-widget elementor-widget-eael-post-grid\" data-id=\"cc1925d\" data-element_type=\"widget\" data-e-type=\"widget\" data-settings=\"{&quot;eael_post_grid_columns&quot;:&quot;eael-col-4&quot;,&quot;eael_post_grid_columns_tablet&quot;:&quot;eael-col-2&quot;,&quot;eael_post_grid_columns_mobile&quot;:&quot;eael-col-1&quot;}\" data-widget_type=\"eael-post-grid.default\">\n\t\t\t\t<div class=\"elementor-widget-container\">\n\t\t\t\t\t<div id=\"eael-post-grid-cc1925d\" class=\"eael-post-grid-container\">\n            <div class=\"eael-post-grid eael-post-appender eael-post-appender-cc1925d eael-post-grid-style-one\" data-layout-mode=\"grid\"><article class=\"eael-grid-post  eael-post-grid-column eael-pg-post-4804\" data-id=\"4804\">\n        <div class=\"eael-grid-post-holder\">\n            <div class=\"eael-grid-post-holder-inner\"><div class=\"eael-entry-media\"><div class=\"eael-entry-overlay fade-in\"><i class=\"far fa-hand-point-up\" aria-hidden=\"true\"><\/i><a href=\"https:\/\/www.kimi.co.at\/de\/schools-copy\/\"><\/a><\/div><div class=\"eael-entry-thumbnail\">\n                <img decoding=\"async\" width=\"300\" height=\"200\" src=\"https:\/\/www.kimi.co.at\/wp-content\/uploads\/2021\/02\/shool-300x200.jpg\" class=\"attachment-medium size-medium wp-image-434\" alt=\"\" srcset=\"https:\/\/www.kimi.co.at\/wp-content\/uploads\/2021\/02\/shool-300x200.jpg 300w, https:\/\/www.kimi.co.at\/wp-content\/uploads\/2021\/02\/shool-1024x683.jpg 1024w, https:\/\/www.kimi.co.at\/wp-content\/uploads\/2021\/02\/shool-768x512.jpg 768w, https:\/\/www.kimi.co.at\/wp-content\/uploads\/2021\/02\/shool-16x12.jpg 16w, https:\/\/www.kimi.co.at\/wp-content\/uploads\/2021\/02\/shool-672x448.jpg 672w, https:\/\/www.kimi.co.at\/wp-content\/uploads\/2021\/02\/shool-1100x733.jpg 1100w, https:\/\/www.kimi.co.at\/wp-content\/uploads\/2021\/02\/shool-260x173.jpg 260w, https:\/\/www.kimi.co.at\/wp-content\/uploads\/2021\/02\/shool-360x240.jpg 360w, https:\/\/www.kimi.co.at\/wp-content\/uploads\/2021\/02\/shool-560x373.jpg 560w, https:\/\/www.kimi.co.at\/wp-content\/uploads\/2021\/02\/shool.jpg 1200w\" sizes=\"(max-width: 300px) 100vw, 300px\" \/>\n            <\/div>\n        <\/div><div class=\"eael-entry-wrapper\"><header class=\"eael-entry-header\"><h2 class=\"eael-entry-title\"><a class=\"eael-grid-post-link\" href=\"https:\/\/www.kimi.co.at\/de\/schools-copy\/\" title=\"Schools &#8211; Copy\">Schools &#8211; Copy<\/a><\/h2><\/header><\/div><\/div>\n        <\/div>\n    <\/article><article class=\"eael-grid-post  eael-post-grid-column eael-pg-post-4617\" data-id=\"4617\">\n        <div class=\"eael-grid-post-holder\">\n            <div class=\"eael-grid-post-holder-inner\"><div class=\"eael-entry-wrapper\"><header class=\"eael-entry-header\"><h2 class=\"eael-entry-title\"><a class=\"eael-grid-post-link\" href=\"https:\/\/www.kimi.co.at\/de\/cookie-policy-eu\/\" title=\"Cookie Policy (EU)\">Cookie Policy (EU)<\/a><\/h2><\/header><\/div><\/div>\n        <\/div>\n    <\/article><article class=\"eael-grid-post  eael-post-grid-column eael-pg-post-3449\" data-id=\"3449\">\n        <div class=\"eael-grid-post-holder\">\n            <div class=\"eael-grid-post-holder-inner\"><div class=\"eael-entry-wrapper\"><header class=\"eael-entry-header\"><h2 class=\"eael-entry-title\"><a class=\"eael-grid-post-link\" href=\"https:\/\/www.kimi.co.at\/de\/kimi-unterstutzen\/\" title=\"KIMI unterst\u00fctzen\">KIMI unterst\u00fctzen<\/a><\/h2><\/header><\/div><\/div>\n        <\/div>\n    <\/article><article class=\"eael-grid-post  eael-post-grid-column eael-pg-post-3441\" data-id=\"3441\">\n        <div class=\"eael-grid-post-holder\">\n            <div class=\"eael-grid-post-holder-inner\"><div class=\"eael-entry-wrapper\"><header class=\"eael-entry-header\"><h2 class=\"eael-entry-title\"><a class=\"eael-grid-post-link\" href=\"https:\/\/www.kimi.co.at\/de\/kimi-spendenkonto\/\" title=\"KIMI Spendenkonto\">KIMI Spendenkonto<\/a><\/h2><\/header><\/div><\/div>\n        <\/div>\n    <\/article><\/div>\n            <div class=\"clearfix\"><\/div>\n        <\/div>            <div class=\"eael-load-more-button-wrap eael-force-hide\">\n                <button class=\"eael-load-more-button\" id=\"eael-load-more-btn-cc1925d\" data-widget-id=\"cc1925d\" data-widget=\"cc1925d\" data-page-id=\"53\" data-template=\"{&quot;dir&quot;:&quot;lite&quot;,&quot;file_name&quot;:&quot;one.php&quot;,&quot;name&quot;:&quot;Post-Grid&quot;}\" data-class=\"Essential_Addons_Elementor\\Elements\\Post_Grid\" data-layout=\"grid\" data-page=\"1\" data-args=\"orderby=ID&amp;order=desc&amp;ignore_sticky_posts=1&amp;post_status=publish&amp;posts_per_page=4&amp;offset=0&amp;post_type=page&amp;post__not_in%5B0%5D=2&amp;post__not_in%5B1%5D=53&amp;post__not_in%5B2%5D=193&amp;post__not_in%5B3%5D=233&amp;post__not_in%5B4%5D=240&amp;post__not_in%5B5%5D=250&amp;post__not_in%5B6%5D=566&amp;post__not_in%5B7%5D=760&amp;post__not_in%5B8%5D=788&amp;post__not_in%5B9%5D=802&amp;post__not_in%5B10%5D=872\" data-max-page=\"4\">\n                    <span class=\"eael-btn-loader button__loader\"><\/span>\n                    <span class=\"eael_load_more_text\">Load More<\/span>\n                <\/button>\n            <\/div>\n            \t\t\t\t<\/div>\n\t\t\t\t<\/div>\n\t\t\t\t\t<\/div>\n\t\t<\/div>\n\t\t\t\t\t<\/div>\n\t\t<\/section>\n\t\t\t\t<\/div>","protected":false},"excerpt":{"rendered":"<p>KIMIPrevention on sexual abuse on childrenSupport KIMIKIMIPrevention on sexual abuse on childrenSupport KIMIKIMIPrevention on sexual abuse on childrenSupport KIMIKIMIPrevention on&#8230;<\/p>","protected":false},"author":2,"featured_media":0,"parent":0,"menu_order":26,"comment_status":"closed","ping_status":"closed","template":"elementor_header_footer","meta":{"footnotes":""},"class_list":["post-53","page","type-page","status-publish","hentry"],"_links":{"self":[{"href":"https:\/\/www.kimi.co.at\/de\/wp-json\/wp\/v2\/pages\/53","targetHints":{"allow":["GET"]}}],"collection":[{"href":"https:\/\/www.kimi.co.at\/de\/wp-json\/wp\/v2\/pages"}],"about":[{"href":"https:\/\/www.kimi.co.at\/de\/wp-json\/wp\/v2\/types\/page"}],"author":[{"embeddable":true,"href":"https:\/\/www.kimi.co.at\/de\/wp-json\/wp\/v2\/users\/2"}],"replies":[{"embeddable":true,"href":"https:\/\/www.kimi.co.at\/de\/wp-json\/wp\/v2\/comments?post=53"}],"version-history":[{"count":196,"href":"https:\/\/www.kimi.co.at\/de\/wp-json\/wp\/v2\/pages\/53\/revisions"}],"predecessor-version":[{"id":1276,"href":"https:\/\/www.kimi.co.at\/de\/wp-json\/wp\/v2\/pages\/53\/revisions\/1276"}],"wp:attachment":[{"href":"https:\/\/www.kimi.co.at\/de\/wp-json\/wp\/v2\/media?parent=53"}],"curies":[{"name":"wp","href":"https:\/\/api.w.org\/{rel}","templated":true}]}}